{"id":76,"date":"2025-10-22T09:58:35","date_gmt":"2025-10-22T09:58:35","guid":{"rendered":"https:\/\/www.vvd.nl\/gemeente-etten-leur\/?page_id=76"},"modified":"2026-04-02T14:20:29","modified_gmt":"2026-04-02T12:20:29","slug":"home","status":"publish","type":"page","link":"https:\/\/www.vvd.nl\/gemeente-etten-leur\/","title":{"rendered":"Home"},"content":{"rendered":"\n<div class=\"block hero hero--standard\">\n\t<div class=\"container--small\">\n\t\t<div class=\"hero__content\">\n\t\t\t\t\t\t\t<h1>\n\t\t\t\t\tWelkom bij de Etten-Leurse VVD! \t\t\t\t<\/h1>\n\t\t\t\n\t\t\t\t\t\t\t<div class=\"intro\">\n\t\t\t\t\t<p><span data-sheets-root=\"1\">Etten-Leur is een fijne gemeente om te wonen, werken en ondernemen, en dat willen we zo houden. Sterker nog: wij geloven dat het n\u00f3g beter kan. Met realistische plannen, een gezonde financi\u00eble basis en oog voor wat onze inwoners \u00e9cht nodig hebben. De VVD Etten-Leur staat voor een veilige en bereikbare gemeente, voldoende woningen voor starters, gezinnen en senioren, en een bruisend centrum waar ruimte is voor ondernemers, cultuur en ontmoeting. We kiezen voor een gemeente die dienstbaar is aan haar inwoners, zuinig omgaat met belastinggeld en kansen biedt aan iedereen die vooruit wil. We luisteren, zoeken het gesprek en staan open voor idee\u00ebn en initiatieven uit de samenleving. Want goede politiek maak je niet vanaf papier, maar samen met inwoners, verenigingen en ondernemers. Met elkaar bouwen we aan een Etten-Leur dat klaar is voor morgen.<\/span><\/p>\n\t\t\t\t<\/div>\n\t\t\t\n\t\t\t\n\t\t\t\t\t<\/div>\n\n\t\t\t\t\t\t<div class=\"growing-img--container\">\n\t\t\t\t\t\n\t\t\t\t\t<img loading=\"lazy\" decoding=\"async\" width=\"1750\" height=\"550\" src=\"https:\/\/www.vvd.nl\/wp-content\/uploads\/sites\/342\/2026\/02\/VVDEL-Simone-van-Beek-e1770380583557-1750x550.jpg\" class=\"growing-img\" alt=\"VVD EL\" \/>\t\t\t\t<\/div>\n\t\t\t\t\t<\/div>\n<\/div>\n\n\n\n<div class=\"block latest-news\">\n\t<div class=\"container\">\n\t\t\t\t\t<h2 class=\"latest-news--header\">\n\t\t\t\tLaatste nieuws\t\t\t<\/h2>\n\t\t\n\t\t<div class=\"latest-news__items\">\n\t\t\t\t\t\t\t\t\t\t\t<div class=\"latest-news--featured\">\n\t\t\t\t\t<a\n\t\t\t\t\t\tclass=\"latest-news--featured-item\"\n\t\t\t\t\t\thref=\"https:\/\/www.vvd.nl\/gemeente-etten-leur\/nieuws\/invulling-raadsleden\/\">\n\n\t\t\t\t\t\t<figure class=\"latest-news--featured-item__image\">\n\t\t\t\t\t\t\t<img loading=\"lazy\" decoding=\"async\" width=\"500\" height=\"500\" src=\"https:\/\/www.vvd.nl\/wp-content\/uploads\/sites\/342\/2026\/04\/01-04-2.png\" class=\"attachment-featured_news_large size-featured_news_large wp-post-image\" alt=\"\" srcset=\"https:\/\/www.vvd.nl\/wp-content\/uploads\/sites\/342\/2026\/04\/01-04-2.png 500w, https:\/\/www.vvd.nl\/wp-content\/uploads\/sites\/342\/2026\/04\/01-04-2-300x300.png 300w, https:\/\/www.vvd.nl\/wp-content\/uploads\/sites\/342\/2026\/04\/01-04-2-150x150.png 150w, https:\/\/www.vvd.nl\/wp-content\/uploads\/sites\/342\/2026\/04\/01-04-2-100x100.png 100w\" sizes=\"auto, (max-width: 500px) 100vw, 500px\" \/>\t\t\t\t\t\t<\/figure>\n\n\t\t\t\t\t\t<div class=\"latest-news--featured-item__info\">\n\t\t\t\t\t\t\t<h3 class=\"latest-news--featured-item__title\">\n\t\t\t\t\t\t\t\tInvulling raadsleden\t\t\t\t\t\t\t<\/h3>\n\n\t\t\t\t\t\t\t<div class=\"latest-news--featured-item__meta\">\n\t\t\t\t\t\t\t\t<span class=\"date\">\n\t\t\t\t\t\t\t\t\t2 april 2026\t\t\t\t\t\t\t\t<\/span>\n\n\t\t\t\t\t\t\t\t\n\t\t\t\t\t\t\t\t<span class=\"latest-news--featured-item__chevron\">\n\t\t\t\t\t\t\t\t\t<?xml version=\"1.0\" encoding=\"UTF-8\"?> <svg xmlns=\"http:\/\/www.w3.org\/2000\/svg\" aria-hidden=\"true\" width=\"8\" height=\"12\" viewBox=\"0 0 8 12\" fill=\"none\"><path d=\"M2.00009 0L0.590088 1.41L5.17009 6L0.590088 10.59L2.00009 12L8.00009 6L2.00009 0Z\" style=\"fill:var(--icon-colour, currentColor);\"><\/path><\/svg> \t\t\t\t\t\t\t\t<\/span>\n\t\t\t\t\t\t\t<\/div>\n\t\t\t\t\t\t<\/div>\n\t\t\t\t\t<\/a>\n\t\t\t\t<\/div>\n\t\t\t\n\t\t\t\t\t\t\t<div class=\"latest-news--list\">\n\t\t\t\t\t<ul class=\"latest-news--list-items\">\n\t\t\t\t\t\t\t\t\t\t\t\t\t\t\t\t\t\t\t\t<li>\n\t\t\t\t\t\t\t\t<a\n\t\t\t\t\t\t\t\t\tclass=\"latest-news--list-item\"\n\t\t\t\t\t\t\t\t\thref=\"https:\/\/www.vvd.nl\/gemeente-etten-leur\/nieuws\/update-leursebaan-motie-aangenomen-resultaten-onderzoek\/\">\n\t\t\t\t\t\t\t\t\t<figure class=\"latest-news--list-item__figure\">\n\t\t\t\t\t\t\t\t\t\t<img loading=\"lazy\" decoding=\"async\" width=\"400\" height=\"226\" src=\"https:\/\/www.vvd.nl\/wp-content\/uploads\/sites\/342\/2026\/03\/Naamloos-2-400x226.jpg\" class=\"attachment-featured_news_small size-featured_news_small wp-post-image\" alt=\"\" \/>\t\t\t\t\t\t\t\t\t<\/figure>\n\n\t\t\t\t\t\t\t\t\t<div class=\"latest-news--list-item__info\">\n\t\t\t\t\t\t\t\t\t\t<h3>\n\t\t\t\t\t\t\t\t\t\t\tUpdate Leursebaan: Motie aangenomen &amp; resultaten onderzoek!\t\t\t\t\t\t\t\t\t\t<\/h3>\n\n\t\t\t\t\t\t\t\t\t\t<div class=\"latest-news--list-item__meta\">\n\t\t\t\t\t\t\t\t\t\t\t<div class=\"latest-news--list-item__metainfo\">\n\t\t\t\t\t\t\t\t\t\t\t\t<span class=\"date\">\n\t\t\t\t\t\t\t\t\t\t\t\t\t16 maart 2026\t\t\t\t\t\t\t\t\t\t\t\t<\/span>\n\n\t\t\t\t\t\t\t\t\t\t\t\t\t\t\t\t\t\t\t\t\t\t\t<\/div>\n\n\t\t\t\t\t\t\t\t\t\t\t<span class=\"latest-news--list-item__chevron\">\n\t\t\t\t\t\t\t\t\t\t\t\t<?xml version=\"1.0\" encoding=\"UTF-8\"?> <svg xmlns=\"http:\/\/www.w3.org\/2000\/svg\" aria-hidden=\"true\" width=\"8\" height=\"12\" viewBox=\"0 0 8 12\" fill=\"none\"><path d=\"M2.00009 0L0.590088 1.41L5.17009 6L0.590088 10.59L2.00009 12L8.00009 6L2.00009 0Z\" style=\"fill:var(--icon-colour, currentColor);\"><\/path><\/svg> \t\t\t\t\t\t\t\t\t\t\t<\/span>\n\t\t\t\t\t\t\t\t\t\t<\/div>\n\t\t\t\t\t\t\t\t\t<\/div>\n\t\t\t\t\t\t\t\t<\/a>\n\t\t\t\t\t\t\t<\/li>\n\t\t\t\t\t\t\t\t\t\t\t\t\t\t\t\t\t\t\t\t<li>\n\t\t\t\t\t\t\t\t<a\n\t\t\t\t\t\t\t\t\tclass=\"latest-news--list-item\"\n\t\t\t\t\t\t\t\t\thref=\"https:\/\/www.vvd.nl\/gemeente-etten-leur\/nieuws\/%f0%9f%8e%99%ef%b8%8f-nu-online-podcast-het-fractiehuis-met-edgar-de-jager\/\">\n\t\t\t\t\t\t\t\t\t<figure class=\"latest-news--list-item__figure\">\n\t\t\t\t\t\t\t\t\t\t<img loading=\"lazy\" decoding=\"async\" width=\"400\" height=\"226\" src=\"https:\/\/www.vvd.nl\/wp-content\/uploads\/sites\/342\/2026\/03\/Template-kandidaat-e1772443945362-400x226.jpg\" class=\"attachment-featured_news_small size-featured_news_small wp-post-image\" alt=\"\" \/>\t\t\t\t\t\t\t\t\t<\/figure>\n\n\t\t\t\t\t\t\t\t\t<div class=\"latest-news--list-item__info\">\n\t\t\t\t\t\t\t\t\t\t<h3>\n\t\t\t\t\t\t\t\t\t\t\t\ud83c\udf99\ufe0f Nu online: Podcast Het Fractiehuis \u2013 met Edgar de Jager\t\t\t\t\t\t\t\t\t\t<\/h3>\n\n\t\t\t\t\t\t\t\t\t\t<div class=\"latest-news--list-item__meta\">\n\t\t\t\t\t\t\t\t\t\t\t<div class=\"latest-news--list-item__metainfo\">\n\t\t\t\t\t\t\t\t\t\t\t\t<span class=\"date\">\n\t\t\t\t\t\t\t\t\t\t\t\t\t2 maart 2026\t\t\t\t\t\t\t\t\t\t\t\t<\/span>\n\n\t\t\t\t\t\t\t\t\t\t\t\t\t\t\t\t\t\t\t\t\t\t\t<\/div>\n\n\t\t\t\t\t\t\t\t\t\t\t<span class=\"latest-news--list-item__chevron\">\n\t\t\t\t\t\t\t\t\t\t\t\t<?xml version=\"1.0\" encoding=\"UTF-8\"?> <svg xmlns=\"http:\/\/www.w3.org\/2000\/svg\" aria-hidden=\"true\" width=\"8\" height=\"12\" viewBox=\"0 0 8 12\" fill=\"none\"><path d=\"M2.00009 0L0.590088 1.41L5.17009 6L0.590088 10.59L2.00009 12L8.00009 6L2.00009 0Z\" style=\"fill:var(--icon-colour, currentColor);\"><\/path><\/svg> \t\t\t\t\t\t\t\t\t\t\t<\/span>\n\t\t\t\t\t\t\t\t\t\t<\/div>\n\t\t\t\t\t\t\t\t\t<\/div>\n\t\t\t\t\t\t\t\t<\/a>\n\t\t\t\t\t\t\t<\/li>\n\t\t\t\t\t\t\t\t\t\t\t\t\t\t\t\t\t\t\t\t<li>\n\t\t\t\t\t\t\t\t<a\n\t\t\t\t\t\t\t\t\tclass=\"latest-news--list-item\"\n\t\t\t\t\t\t\t\t\thref=\"https:\/\/www.vvd.nl\/gemeente-etten-leur\/nieuws\/%f0%9f%9a%a7-afsluiting-leursebaan-uw-mening-telt\/\">\n\t\t\t\t\t\t\t\t\t<figure class=\"latest-news--list-item__figure\">\n\t\t\t\t\t\t\t\t\t\t<img loading=\"lazy\" decoding=\"async\" width=\"400\" height=\"226\" src=\"https:\/\/www.vvd.nl\/wp-content\/uploads\/sites\/342\/2026\/02\/VVD-verkeer-header-400x226.png\" class=\"attachment-featured_news_small size-featured_news_small wp-post-image\" alt=\"\" \/>\t\t\t\t\t\t\t\t\t<\/figure>\n\n\t\t\t\t\t\t\t\t\t<div class=\"latest-news--list-item__info\">\n\t\t\t\t\t\t\t\t\t\t<h3>\n\t\t\t\t\t\t\t\t\t\t\t\ud83d\udea7 Afsluiting Leursebaan? Uw mening telt.\t\t\t\t\t\t\t\t\t\t<\/h3>\n\n\t\t\t\t\t\t\t\t\t\t<div class=\"latest-news--list-item__meta\">\n\t\t\t\t\t\t\t\t\t\t\t<div class=\"latest-news--list-item__metainfo\">\n\t\t\t\t\t\t\t\t\t\t\t\t<span class=\"date\">\n\t\t\t\t\t\t\t\t\t\t\t\t\t10 februari 2026\t\t\t\t\t\t\t\t\t\t\t\t<\/span>\n\n\t\t\t\t\t\t\t\t\t\t\t\t\t\t\t\t\t\t\t\t\t\t\t<\/div>\n\n\t\t\t\t\t\t\t\t\t\t\t<span class=\"latest-news--list-item__chevron\">\n\t\t\t\t\t\t\t\t\t\t\t\t<?xml version=\"1.0\" encoding=\"UTF-8\"?> <svg xmlns=\"http:\/\/www.w3.org\/2000\/svg\" aria-hidden=\"true\" width=\"8\" height=\"12\" viewBox=\"0 0 8 12\" fill=\"none\"><path d=\"M2.00009 0L0.590088 1.41L5.17009 6L0.590088 10.59L2.00009 12L8.00009 6L2.00009 0Z\" style=\"fill:var(--icon-colour, currentColor);\"><\/path><\/svg> \t\t\t\t\t\t\t\t\t\t\t<\/span>\n\t\t\t\t\t\t\t\t\t\t<\/div>\n\t\t\t\t\t\t\t\t\t<\/div>\n\t\t\t\t\t\t\t\t<\/a>\n\t\t\t\t\t\t\t<\/li>\n\t\t\t\t\t\t\t\t\t\t\t<\/ul>\n\n\t\t\t\t\t\t\t\t\t<\/div>\n\t\t\t\t\t<\/div>\n\t<\/div>\n<\/div>\n\n\n\n<div class=\"block points-of-view\">\n\t<div class=\"container\">\n\t\t\t\t\t<h2 class=\"points-of-view--title\">\n\t\t\t\tOnze standpunten\t\t\t<\/h2>\n\t\t\n\t\t\t\t\t<div class=\"swiper pov-slider--thumbs\">\n\t\t\t\t<div class=\"swiper-wrapper\">\n\t\t\t\t\t\t\t\t\t\t\t<div class=\"swiper-slide\">\n\t\t\t\t\t\t\t<button data-slide-index=\"0\">\n\t\t\t\t\t\t\t\tVoor de toekomst van Etten-Leur\t\t\t\t\t\t\t<\/button>\n\t\t\t\t\t\t<\/div>\n\t\t\t\t\t\t\t\t\t<\/div>\n\t\t\t<\/div>\n\n\t\t\t<div class=\"pov-slider\">\n\t\t\t\t<div class=\"swiper pov-slider--main\">\n\t\t\t\t\t<div class=\"swiper-wrapper\">\n\t\t\t\t\t\t\t\t\t\t\t\t\t\t\t\t\t\t\t\t\t<div class=\"swiper-slide\">\n\t\t\t\t\t\t\t\t\t<a\n\t\t\t\t\t\t\t\t\t\thref=\"https:\/\/www.vvd.nl\/gemeente-etten-leur\/pijlers\/verkiezingsprogramma\/\"\n\t\t\t\t\t\t\t\t\t\tclass=\"card--pov\">\n\t\t\t\t\t\t\t\t\t\t<div class=\"card--pov__top\">\n\t\t\t\t\t\t\t\t\t\t\t<span class=\"card--pov__topic\">\n\t\t\t\t\t\t\t\t\t\t\t\tVoor de toekomst van Etten-Leur\t\t\t\t\t\t\t\t\t\t\t<\/span>\n\t\t\t\t\t\t\t\t\t\t\t<h3 class=\"card--pov__title\">\n\t\t\t\t\t\t\t\t\t\t\t\tVerkiezingsprogramma Etten-Leurse VVD\t\t\t\t\t\t\t\t\t\t\t<\/h3>\n\t\t\t\t\t\t\t\t\t\t<\/div>\n\t\t\t\t\t\t\t\t\t\t<figure class=\"card--pov__img\">\n\t\t\t\t\t\t\t\t\t\t\t<img loading=\"lazy\" decoding=\"async\" width=\"900\" height=\"560\" src=\"https:\/\/www.vvd.nl\/wp-content\/uploads\/sites\/342\/2026\/02\/Header-vierkant-900x560.jpg\" class=\"attachment-pov_slider size-pov_slider wp-post-image\" alt=\"\" \/>\t\t\t\t\t\t\t\t\t\t<\/figure>\n\t\t\t\t\t\t\t\t\t\t<span class=\"button--white\">\n\t\t\t\t\t\t\t\t\t\t\tLees meer<?xml version=\"1.0\" encoding=\"UTF-8\"?> <svg xmlns=\"http:\/\/www.w3.org\/2000\/svg\" aria-hidden=\"true\" width=\"8\" height=\"12\" viewBox=\"0 0 8 12\" fill=\"none\"><path d=\"M2.00009 0L0.590088 1.41L5.17009 6L0.590088 10.59L2.00009 12L8.00009 6L2.00009 0Z\" style=\"fill:var(--icon-colour, currentColor);\"><\/path><\/svg> \t\t\t\t\t\t\t\t\t\t<\/span>\n\t\t\t\t\t\t\t\t\t<\/a>\n\t\t\t\t\t\t\t\t<\/div>\n\t\t\t\t\t\t\t\t\t\t\t\t\t\t\t\t\t\t<\/div>\n\t\t\t\t<\/div>\n\n\t\t\t\t<div class=\"points-of-view--navigation\">\n\t\t\t\t\t\t\t\t\t\t\t<div class=\"points-of-view--button\">\n\t\t\t\t\t\t\t<a\n\t\t\t\t\t\t\t\thref=\"https:\/\/www.vvd.nl\/gemeente-etten-leur\/standpunten\/\"\n\t\t\t\t\t\t\t\tclass=\"button--secondary\">\n\t\t\t\t\t\t\t\tNaar alle standpunten\t\t\t\t\t\t\t\t<?xml version=\"1.0\" encoding=\"UTF-8\"?> <svg xmlns=\"http:\/\/www.w3.org\/2000\/svg\" aria-hidden=\"true\" width=\"8\" height=\"12\" viewBox=\"0 0 8 12\" fill=\"none\"><path d=\"M2.00009 0L0.590088 1.41L5.17009 6L0.590088 10.59L2.00009 12L8.00009 6L2.00009 0Z\" style=\"fill:var(--icon-colour, currentColor);\"><\/path><\/svg> \t\t\t\t\t\t\t<\/a>\n\t\t\t\t\t\t<\/div>\n\t\t\t\t\t\n\t\t\t\t\t<div class=\"points-of-view--navigation-buttons\">\n\t\t\t\t\t\t<button class=\"button-prev\">\n\t\t\t\t\t\t\t<?xml version=\"1.0\" encoding=\"UTF-8\"?> <svg xmlns=\"http:\/\/www.w3.org\/2000\/svg\" aria-hidden=\"true\" width=\"8\" height=\"12\" viewBox=\"0 0 8 12\" fill=\"none\"><path d=\"M7.41 1.41L6 0L0 6L6 12L7.41 10.59L2.83 6L7.41 1.41Z\" style=\"fill:var(--icon-colour, currentColor);\"><\/path><\/svg> \t\t\t\t\t\t<\/button>\n\t\t\t\t\t\t<button class=\"button-next\">\n\t\t\t\t\t\t\t<?xml version=\"1.0\" encoding=\"UTF-8\"?> <svg xmlns=\"http:\/\/www.w3.org\/2000\/svg\" aria-hidden=\"true\" width=\"8\" height=\"12\" viewBox=\"0 0 8 12\" fill=\"none\"><path d=\"M2.00009 0L0.590088 1.41L5.17009 6L0.590088 10.59L2.00009 12L8.00009 6L2.00009 0Z\" style=\"fill:var(--icon-colour, currentColor);\"><\/path><\/svg> \t\t\t\t\t\t<\/button>\n\t\t\t\t\t<\/div>\n\t\t\t\t<\/div>\n\t\t\t<\/div>\n\t\t\n\n\t<\/div>\n<\/div>\n\n\n\n<div class=\"block our-people\">\n\t<div class=\"container\">\n\t\t<div class=\"our-people--intro\">\n\t\t\t\t\t\t\t<h2>\n\t\t\t\t\tOnze mensen\t\t\t\t<\/h2>\n\t\t\t\n\t\t\t\t\t\t\t<a\n\t\t\t\t\thref=\"https:\/\/www.vvd.nl\/gemeente-etten-leur\/profielen\/\"\n\t\t\t\t\tclass=\"button--secondary\">\n\t\t\t\t\tBekijk onze mensen\t\t\t\t\t<?xml version=\"1.0\" encoding=\"UTF-8\"?> <svg xmlns=\"http:\/\/www.w3.org\/2000\/svg\" aria-hidden=\"true\" width=\"8\" height=\"12\" viewBox=\"0 0 8 12\" fill=\"none\"><path d=\"M2.00009 0L0.590088 1.41L5.17009 6L0.590088 10.59L2.00009 12L8.00009 6L2.00009 0Z\" style=\"fill:var(--icon-colour, currentColor);\"><\/path><\/svg> \t\t\t\t<\/a>\n\t\t\t\n\t\t\t<a\n\t\t\t\thref=\"#skip-people\"\n\t\t\t\tclass=\"skip-people\">\n\t\t\t\tSla het navigeren door 11 personen over\t\t\t<\/a>\n\t\t<\/div>\n\n\t\t<div class=\"our-people--sliders\">\n\t\t\t\t\t\t\t<div class=\"swiper our-people--slider our-people--slider__top\">\n\t\t\t\t\t<div class=\"swiper-wrapper\">\n\t\t\t\t\t\t\t\t\t\t\t\t\t<div class=\"swiper-slide\">\n\t\t\t\t\t\t\t\t<a\n\t\t\t\t\t\t\t\t\thref=\"https:\/\/www.vvd.nl\/gemeente-etten-leur\/profielen\/frans-martens\/\"\n\t\t\t\t\t\t\t\t\tclass=\"card--person\">\n\t\t\t\t\t\t\t\t\t<img loading=\"lazy\" decoding=\"async\" width=\"350\" height=\"425\" src=\"https:\/\/www.vvd.nl\/wp-content\/uploads\/sites\/342\/2026\/02\/SBF_7300-350x425.jpg\" class=\"attachment-person_card size-person_card wp-post-image\" alt=\"\" \/>\n\t\t\t\t\t\t\t\t\t<span class=\"card--person__position pill\">\n\t\t\t\t\t\t\t\t\t\t\t\t\t\t\t\t\t\t\t<\/span>\n\n\t\t\t\t\t\t\t\t\t<div class=\"card--person__info\">\n\t\t\t\t\t\t\t\t\t\t<h3 class=\"card--person__title\">\n\t\t\t\t\t\t\t\t\t\t\tFrans Martens\t\t\t\t\t\t\t\t\t\t<\/h3>\n\n\t\t\t\t\t\t\t\t\t\t\t\t\t\t\t\t\t\t\t<\/div>\n\t\t\t\t\t\t\t\t<\/a>\n\t\t\t\t\t\t\t<\/div>\n\t\t\t\t\t\t\t\t\t\t\t\t\t<div class=\"swiper-slide\">\n\t\t\t\t\t\t\t\t<a\n\t\t\t\t\t\t\t\t\thref=\"https:\/\/www.vvd.nl\/gemeente-etten-leur\/profielen\/simone-van-beek\/\"\n\t\t\t\t\t\t\t\t\tclass=\"card--person\">\n\t\t\t\t\t\t\t\t\t<img loading=\"lazy\" decoding=\"async\" width=\"350\" height=\"425\" src=\"https:\/\/www.vvd.nl\/wp-content\/uploads\/sites\/342\/2026\/02\/SSP_3106-350x425.jpg\" class=\"attachment-person_card size-person_card wp-post-image\" alt=\"\" \/>\n\t\t\t\t\t\t\t\t\t<span class=\"card--person__position pill\">\n\t\t\t\t\t\t\t\t\t\t\t\t\t\t\t\t\t\t\t<\/span>\n\n\t\t\t\t\t\t\t\t\t<div class=\"card--person__info\">\n\t\t\t\t\t\t\t\t\t\t<h3 class=\"card--person__title\">\n\t\t\t\t\t\t\t\t\t\t\tSimone van Beek\t\t\t\t\t\t\t\t\t\t<\/h3>\n\n\t\t\t\t\t\t\t\t\t\t\t\t\t\t\t\t\t\t\t<\/div>\n\t\t\t\t\t\t\t\t<\/a>\n\t\t\t\t\t\t\t<\/div>\n\t\t\t\t\t\t\t\t\t\t\t\t\t<div class=\"swiper-slide\">\n\t\t\t\t\t\t\t\t<a\n\t\t\t\t\t\t\t\t\thref=\"https:\/\/www.vvd.nl\/gemeente-etten-leur\/profielen\/laura-korfmaker\/\"\n\t\t\t\t\t\t\t\t\tclass=\"card--person\">\n\t\t\t\t\t\t\t\t\t<img loading=\"lazy\" decoding=\"async\" width=\"350\" height=\"425\" src=\"https:\/\/www.vvd.nl\/wp-content\/uploads\/sites\/342\/2026\/02\/SSP_2762-350x425.jpg\" class=\"attachment-person_card size-person_card wp-post-image\" alt=\"\" \/>\n\t\t\t\t\t\t\t\t\t<span class=\"card--person__position pill\">\n\t\t\t\t\t\t\t\t\t\t\t\t\t\t\t\t\t\t\t<\/span>\n\n\t\t\t\t\t\t\t\t\t<div class=\"card--person__info\">\n\t\t\t\t\t\t\t\t\t\t<h3 class=\"card--person__title\">\n\t\t\t\t\t\t\t\t\t\t\tLaura Korfmaker\t\t\t\t\t\t\t\t\t\t<\/h3>\n\n\t\t\t\t\t\t\t\t\t\t\t\t\t\t\t\t\t\t\t\t\t<span class=\"card--person__function\">\n\t\t\t\t\t\t\t\t\t\t\t\tRaadslid\t\t\t\t\t\t\t\t\t\t\t<\/span>\n\t\t\t\t\t\t\t\t\t\t\t\t\t\t\t\t\t\t\t<\/div>\n\t\t\t\t\t\t\t\t<\/a>\n\t\t\t\t\t\t\t<\/div>\n\t\t\t\t\t\t\t\t\t\t\t\t\t<div class=\"swiper-slide\">\n\t\t\t\t\t\t\t\t<a\n\t\t\t\t\t\t\t\t\thref=\"https:\/\/www.vvd.nl\/gemeente-etten-leur\/profielen\/gert-jan-koevoets\/\"\n\t\t\t\t\t\t\t\t\tclass=\"card--person\">\n\t\t\t\t\t\t\t\t\t<img loading=\"lazy\" decoding=\"async\" width=\"350\" height=\"425\" src=\"https:\/\/www.vvd.nl\/wp-content\/uploads\/sites\/342\/2026\/02\/SSP_1161-350x425.jpg\" class=\"attachment-person_card size-person_card wp-post-image\" alt=\"\" \/>\n\t\t\t\t\t\t\t\t\t<span class=\"card--person__position pill\">\n\t\t\t\t\t\t\t\t\t\t\t\t\t\t\t\t\t\t\t<\/span>\n\n\t\t\t\t\t\t\t\t\t<div class=\"card--person__info\">\n\t\t\t\t\t\t\t\t\t\t<h3 class=\"card--person__title\">\n\t\t\t\t\t\t\t\t\t\t\tGert Jan Koevoets\t\t\t\t\t\t\t\t\t\t<\/h3>\n\n\t\t\t\t\t\t\t\t\t\t\t\t\t\t\t\t\t\t\t<\/div>\n\t\t\t\t\t\t\t\t<\/a>\n\t\t\t\t\t\t\t<\/div>\n\t\t\t\t\t\t\t\t\t\t\t\t\t<div class=\"swiper-slide\">\n\t\t\t\t\t\t\t\t<a\n\t\t\t\t\t\t\t\t\thref=\"https:\/\/www.vvd.nl\/gemeente-etten-leur\/profielen\/marco-faas\/\"\n\t\t\t\t\t\t\t\t\tclass=\"card--person\">\n\t\t\t\t\t\t\t\t\t<img loading=\"lazy\" decoding=\"async\" width=\"350\" height=\"425\" src=\"https:\/\/www.vvd.nl\/wp-content\/uploads\/sites\/342\/2026\/02\/SBF_7672-350x425.jpg\" class=\"attachment-person_card size-person_card wp-post-image\" alt=\"\" \/>\n\t\t\t\t\t\t\t\t\t<span class=\"card--person__position pill\">\n\t\t\t\t\t\t\t\t\t\t\t\t\t\t\t\t\t\t\t<\/span>\n\n\t\t\t\t\t\t\t\t\t<div class=\"card--person__info\">\n\t\t\t\t\t\t\t\t\t\t<h3 class=\"card--person__title\">\n\t\t\t\t\t\t\t\t\t\t\tMarco Faas\t\t\t\t\t\t\t\t\t\t<\/h3>\n\n\t\t\t\t\t\t\t\t\t\t\t\t\t\t\t\t\t\t\t<\/div>\n\t\t\t\t\t\t\t\t<\/a>\n\t\t\t\t\t\t\t<\/div>\n\t\t\t\t\t\t\t\t\t\t\t\t\t<div class=\"swiper-slide\">\n\t\t\t\t\t\t\t\t<a\n\t\t\t\t\t\t\t\t\thref=\"https:\/\/www.vvd.nl\/gemeente-etten-leur\/profielen\/patrick-van-sundert\/\"\n\t\t\t\t\t\t\t\t\tclass=\"card--person\">\n\t\t\t\t\t\t\t\t\t<img loading=\"lazy\" decoding=\"async\" width=\"350\" height=\"425\" src=\"https:\/\/www.vvd.nl\/wp-content\/uploads\/sites\/342\/2026\/02\/SSP_1931-350x425.jpg\" class=\"attachment-person_card size-person_card wp-post-image\" alt=\"\" \/>\n\t\t\t\t\t\t\t\t\t<span class=\"card--person__position pill\">\n\t\t\t\t\t\t\t\t\t\t\t\t\t\t\t\t\t\t\t<\/span>\n\n\t\t\t\t\t\t\t\t\t<div class=\"card--person__info\">\n\t\t\t\t\t\t\t\t\t\t<h3 class=\"card--person__title\">\n\t\t\t\t\t\t\t\t\t\t\tPatrick van Sundert\t\t\t\t\t\t\t\t\t\t<\/h3>\n\n\t\t\t\t\t\t\t\t\t\t\t\t\t\t\t\t\t\t\t<\/div>\n\t\t\t\t\t\t\t\t<\/a>\n\t\t\t\t\t\t\t<\/div>\n\t\t\t\t\t\t\t\t\t\t\t\t\t<div class=\"swiper-slide\">\n\t\t\t\t\t\t\t\t<a\n\t\t\t\t\t\t\t\t\thref=\"https:\/\/www.vvd.nl\/gemeente-etten-leur\/profielen\/alle-kandidaten\/\"\n\t\t\t\t\t\t\t\t\tclass=\"card--person\">\n\t\t\t\t\t\t\t\t\t<img loading=\"lazy\" decoding=\"async\" width=\"350\" height=\"425\" src=\"https:\/\/www.vvd.nl\/wp-content\/uploads\/sites\/342\/2026\/02\/VVDEL-Simone-van-Beek-e1770380583557-350x425.jpg\" class=\"attachment-person_card size-person_card wp-post-image\" alt=\"VVD EL\" \/>\n\t\t\t\t\t\t\t\t\t<span class=\"card--person__position pill\">\n\t\t\t\t\t\t\t\t\t\t\t\t\t\t\t\t\t\t\t<\/span>\n\n\t\t\t\t\t\t\t\t\t<div class=\"card--person__info\">\n\t\t\t\t\t\t\t\t\t\t<h3 class=\"card--person__title\">\n\t\t\t\t\t\t\t\t\t\t\tOnze mensen\t\t\t\t\t\t\t\t\t\t<\/h3>\n\n\t\t\t\t\t\t\t\t\t\t\t\t\t\t\t\t\t\t\t<\/div>\n\t\t\t\t\t\t\t\t<\/a>\n\t\t\t\t\t\t\t<\/div>\n\t\t\t\t\t\t\t\t\t\t\t\t\t<div class=\"swiper-slide\">\n\t\t\t\t\t\t\t\t<a\n\t\t\t\t\t\t\t\t\thref=\"https:\/\/www.vvd.nl\/gemeente-etten-leur\/profielen\/lobke-sels\/\"\n\t\t\t\t\t\t\t\t\tclass=\"card--person\">\n\t\t\t\t\t\t\t\t\t<img loading=\"lazy\" decoding=\"async\" width=\"350\" height=\"425\" src=\"https:\/\/www.vvd.nl\/wp-content\/uploads\/sites\/342\/2026\/02\/SSP_2532-350x425.jpg\" class=\"attachment-person_card size-person_card wp-post-image\" alt=\"\" \/>\n\t\t\t\t\t\t\t\t\t<span class=\"card--person__position pill\">\n\t\t\t\t\t\t\t\t\t\t\t\t\t\t\t\t\t\t\t<\/span>\n\n\t\t\t\t\t\t\t\t\t<div class=\"card--person__info\">\n\t\t\t\t\t\t\t\t\t\t<h3 class=\"card--person__title\">\n\t\t\t\t\t\t\t\t\t\t\tLobke Sels\t\t\t\t\t\t\t\t\t\t<\/h3>\n\n\t\t\t\t\t\t\t\t\t\t\t\t\t\t\t\t\t\t\t<\/div>\n\t\t\t\t\t\t\t\t<\/a>\n\t\t\t\t\t\t\t<\/div>\n\t\t\t\t\t\t\t\t\t\t\t\t\t<div class=\"swiper-slide\">\n\t\t\t\t\t\t\t\t<a\n\t\t\t\t\t\t\t\t\thref=\"https:\/\/www.vvd.nl\/gemeente-etten-leur\/profielen\/edgardejager\/\"\n\t\t\t\t\t\t\t\t\tclass=\"card--person\">\n\t\t\t\t\t\t\t\t\t<img loading=\"lazy\" decoding=\"async\" width=\"350\" height=\"425\" src=\"https:\/\/www.vvd.nl\/wp-content\/uploads\/sites\/342\/2025\/10\/SSP_1275-350x425.jpg\" class=\"attachment-person_card size-person_card wp-post-image\" alt=\"\" \/>\n\t\t\t\t\t\t\t\t\t<span class=\"card--person__position pill\">\n\t\t\t\t\t\t\t\t\t\t\t\t\t\t\t\t\t\t\t<\/span>\n\n\t\t\t\t\t\t\t\t\t<div class=\"card--person__info\">\n\t\t\t\t\t\t\t\t\t\t<h3 class=\"card--person__title\">\n\t\t\t\t\t\t\t\t\t\t\tEdgar de Jager\t\t\t\t\t\t\t\t\t\t<\/h3>\n\n\t\t\t\t\t\t\t\t\t\t\t\t\t\t\t\t\t\t\t\t\t<span class=\"card--person__function\">\n\t\t\t\t\t\t\t\t\t\t\t\tFractievoorzitter &#8211; Raadslid\t\t\t\t\t\t\t\t\t\t\t<\/span>\n\t\t\t\t\t\t\t\t\t\t\t\t\t\t\t\t\t\t\t<\/div>\n\t\t\t\t\t\t\t\t<\/a>\n\t\t\t\t\t\t\t<\/div>\n\t\t\t\t\t\t\t\t\t\t\t\t\t<div class=\"swiper-slide\">\n\t\t\t\t\t\t\t\t<a\n\t\t\t\t\t\t\t\t\thref=\"https:\/\/www.vvd.nl\/gemeente-etten-leur\/profielen\/quinten-bertens\/\"\n\t\t\t\t\t\t\t\t\tclass=\"card--person\">\n\t\t\t\t\t\t\t\t\t<img loading=\"lazy\" decoding=\"async\" width=\"350\" height=\"425\" src=\"https:\/\/www.vvd.nl\/wp-content\/uploads\/sites\/342\/2026\/02\/SSP_1568-350x425.jpg\" class=\"attachment-person_card size-person_card wp-post-image\" alt=\"\" \/>\n\t\t\t\t\t\t\t\t\t<span class=\"card--person__position pill\">\n\t\t\t\t\t\t\t\t\t\t\t\t\t\t\t\t\t\t\t<\/span>\n\n\t\t\t\t\t\t\t\t\t<div class=\"card--person__info\">\n\t\t\t\t\t\t\t\t\t\t<h3 class=\"card--person__title\">\n\t\t\t\t\t\t\t\t\t\t\tQuinten Bertens\t\t\t\t\t\t\t\t\t\t<\/h3>\n\n\t\t\t\t\t\t\t\t\t\t\t\t\t\t\t\t\t\t\t<\/div>\n\t\t\t\t\t\t\t\t<\/a>\n\t\t\t\t\t\t\t<\/div>\n\t\t\t\t\t\t\t\t\t\t\t\t\t<div class=\"swiper-slide\">\n\t\t\t\t\t\t\t\t<a\n\t\t\t\t\t\t\t\t\thref=\"https:\/\/www.vvd.nl\/gemeente-etten-leur\/profielen\/wijnand-van-gestel-vincenten\/\"\n\t\t\t\t\t\t\t\t\tclass=\"card--person\">\n\t\t\t\t\t\t\t\t\t<img loading=\"lazy\" decoding=\"async\" width=\"350\" height=\"425\" src=\"https:\/\/www.vvd.nl\/wp-content\/uploads\/sites\/342\/2026\/02\/SBF_7470-1-350x425.jpg\" class=\"attachment-person_card size-person_card wp-post-image\" alt=\"\" \/>\n\t\t\t\t\t\t\t\t\t<span class=\"card--person__position pill\">\n\t\t\t\t\t\t\t\t\t\t\t\t\t\t\t\t\t\t\t<\/span>\n\n\t\t\t\t\t\t\t\t\t<div class=\"card--person__info\">\n\t\t\t\t\t\t\t\t\t\t<h3 class=\"card--person__title\">\n\t\t\t\t\t\t\t\t\t\t\tWijnand van Gestel Vincenten\t\t\t\t\t\t\t\t\t\t<\/h3>\n\n\t\t\t\t\t\t\t\t\t\t\t\t\t\t\t\t\t\t\t<\/div>\n\t\t\t\t\t\t\t\t<\/a>\n\t\t\t\t\t\t\t<\/div>\n\t\t\t\t\t\t\t\t\t\t\t<\/div>\n\t\t\t\t<\/div>\n\t\t\t\n\t\t\t\t\t<\/div>\n\t<\/div>\n<\/div>\n\n<div id=\"skip-people\"><\/div>\n","protected":false},"excerpt":{"rendered":"<p>Welkom bij de Etten-Leurse VVD! Etten-Leur is een fijne gemeente om te wonen, werken en ondernemen, en dat willen we zo houden. Sterker nog: wij geloven dat het n\u00f3g beter kan. Met realistische plannen, een gezonde financi\u00eble basis en oog voor wat onze inwoners \u00e9cht nodig hebben. De VVD Etten-Leur staat voor een veilige en [&hellip;]<\/p>\n","protected":false},"author":1,"featured_media":0,"parent":0,"menu_order":0,"comment_status":"closed","ping_status":"closed","template":"","meta":{"_acf_changed":false,"_relevanssi_hide_post":"","_relevanssi_hide_content":"","_relevanssi_pin_for_all":"","_relevanssi_pin_keywords":"","_relevanssi_unpin_keywords":"","_relevanssi_related_keywords":"","_relevanssi_related_include_ids":"","_relevanssi_related_exclude_ids":"","_relevanssi_related_no_append":"","_relevanssi_related_not_related":"","_relevanssi_related_posts":"","_relevanssi_noindex_reason":"","footnotes":""},"subject":[],"class_list":["post-76","page","type-page","status-publish","hentry"],"acf":[],"publishpress_future_action":{"enabled":false,"date":"2026-04-20 16:54:43","action":"change-status","newStatus":"draft","terms":[],"taxonomy":"subject","extraData":[]},"publishpress_future_workflow_manual_trigger":{"enabledWorkflows":[]},"_links":{"self":[{"href":"https:\/\/www.vvd.nl\/gemeente-etten-leur\/wp-json\/wp\/v2\/pages\/76","targetHints":{"allow":["GET"]}}],"collection":[{"href":"https:\/\/www.vvd.nl\/gemeente-etten-leur\/wp-json\/wp\/v2\/pages"}],"about":[{"href":"https:\/\/www.vvd.nl\/gemeente-etten-leur\/wp-json\/wp\/v2\/types\/page"}],"author":[{"embeddable":true,"href":"https:\/\/www.vvd.nl\/gemeente-etten-leur\/wp-json\/wp\/v2\/users\/1"}],"replies":[{"embeddable":true,"href":"https:\/\/www.vvd.nl\/gemeente-etten-leur\/wp-json\/wp\/v2\/comments?post=76"}],"version-history":[{"count":10,"href":"https:\/\/www.vvd.nl\/gemeente-etten-leur\/wp-json\/wp\/v2\/pages\/76\/revisions"}],"predecessor-version":[{"id":191,"href":"https:\/\/www.vvd.nl\/gemeente-etten-leur\/wp-json\/wp\/v2\/pages\/76\/revisions\/191"}],"wp:attachment":[{"href":"https:\/\/www.vvd.nl\/gemeente-etten-leur\/wp-json\/wp\/v2\/media?parent=76"}],"wp:term":[{"taxonomy":"subject","embeddable":true,"href":"https:\/\/www.vvd.nl\/gemeente-etten-leur\/wp-json\/wp\/v2\/subject?post=76"}],"curies":[{"name":"wp","href":"https:\/\/api.w.org\/{rel}","templated":true}]}}