{"id":76,"date":"2025-10-22T09:58:35","date_gmt":"2025-10-22T09:58:35","guid":{"rendered":"https:\/\/www.vvd.nl\/gemeente-enkhuizen\/?page_id=76"},"modified":"2026-02-19T14:24:50","modified_gmt":"2026-02-19T13:24:50","slug":"home","status":"publish","type":"page","link":"https:\/\/www.vvd.nl\/gemeente-enkhuizen\/","title":{"rendered":"Home"},"content":{"rendered":"\n<div class=\"block hero hero--standard\">\n\t<div class=\"container--small\">\n\t\t<div class=\"hero__content\">\n\t\t\t\t\t\t\t<h1>\n\t\t\t\t\tTitel \t\t\t\t<\/h1>\n\t\t\t\n\t\t\t\t\t\t\t<div class=\"intro\">\n\t\t\t\t\t<p>Lokale website tekst.<\/p>\n\t\t\t\t<\/div>\n\t\t\t\n\t\t\t\n\t\t\t\t\t<\/div>\n\n\t\t\t\t\t\t<div class=\"growing-img--container\">\n\t\t\t\t\t\n\t\t\t\t\t<img loading=\"lazy\" decoding=\"async\" width=\"2160\" height=\"550\" src=\"https:\/\/www.vvd.nl\/wp-content\/uploads\/sites\/414\/2025\/10\/Fallback-website-2160x550.png\" class=\"growing-img\" alt=\"\" \/>\t\t\t\t<\/div>\n\t\t\t\t\t<\/div>\n<\/div>\n\n\n\n<div class=\"block latest-news\">\n\t<div class=\"container\">\n\t\t\t\t\t<h2 class=\"latest-news--header\">\n\t\t\t\tLaatste nieuws\t\t\t<\/h2>\n\t\t\n\t\t<div class=\"latest-news__items\">\n\t\t\t\t\t\t\t\t\t\t\t<div class=\"latest-news--featured\">\n\t\t\t\t\t<a\n\t\t\t\t\t\tclass=\"latest-news--featured-item\"\n\t\t\t\t\t\thref=\"https:\/\/www.vvd.nl\/gemeente-enkhuizen\/nieuws\/informateur-aan-de-slag\/\">\n\n\t\t\t\t\t\t<figure class=\"latest-news--featured-item__image\">\n\t\t\t\t\t\t\t<img loading=\"lazy\" decoding=\"async\" width=\"960\" height=\"540\" src=\"https:\/\/www.vvd.nl\/wp-content\/uploads\/sites\/414\/2026\/04\/NHD-09042026.jpg\" class=\"attachment-featured_news_large size-featured_news_large wp-post-image\" alt=\"\" srcset=\"https:\/\/www.vvd.nl\/wp-content\/uploads\/sites\/414\/2026\/04\/NHD-09042026.jpg 960w, https:\/\/www.vvd.nl\/wp-content\/uploads\/sites\/414\/2026\/04\/NHD-09042026-300x169.jpg 300w, https:\/\/www.vvd.nl\/wp-content\/uploads\/sites\/414\/2026\/04\/NHD-09042026-768x432.jpg 768w, https:\/\/www.vvd.nl\/wp-content\/uploads\/sites\/414\/2026\/04\/NHD-09042026-400x225.jpg 400w, https:\/\/www.vvd.nl\/wp-content\/uploads\/sites\/414\/2026\/04\/NHD-09042026-500x280.jpg 500w, https:\/\/www.vvd.nl\/wp-content\/uploads\/sites\/414\/2026\/04\/NHD-09042026-833x469.jpg 833w, https:\/\/www.vvd.nl\/wp-content\/uploads\/sites\/414\/2026\/04\/NHD-09042026-625x352.jpg 625w\" sizes=\"auto, (max-width: 960px) 100vw, 960px\" \/>\t\t\t\t\t\t<\/figure>\n\n\t\t\t\t\t\t<div class=\"latest-news--featured-item__info\">\n\t\t\t\t\t\t\t<h3 class=\"latest-news--featured-item__title\">\n\t\t\t\t\t\t\t\tInformateur aan de slag\t\t\t\t\t\t\t<\/h3>\n\n\t\t\t\t\t\t\t<div class=\"latest-news--featured-item__meta\">\n\t\t\t\t\t\t\t\t<span class=\"date\">\n\t\t\t\t\t\t\t\t\t9 april 2026\t\t\t\t\t\t\t\t<\/span>\n\n\t\t\t\t\t\t\t\t\t\t\t\t\t\t\t\t\t\t<span class=\"pill\">\n\t\t\t\t\t\t\t\t\t\t\tLokaal\t\t\t\t\t\t\t\t\t\t<\/span>\n\t\t\t\t\t\t\t\t\t\t\t\t\t\t\t\t\t\t\t\t<span class=\"pill\">\n\t\t\t\t\t\t\t\t\t\t\tCoalitievorming\t\t\t\t\t\t\t\t\t\t<\/span>\n\t\t\t\t\t\t\t\t\t\t\n\t\t\t\t\t\t\t\t<span class=\"latest-news--featured-item__chevron\">\n\t\t\t\t\t\t\t\t\t<?xml version=\"1.0\" encoding=\"UTF-8\"?> <svg xmlns=\"http:\/\/www.w3.org\/2000\/svg\" aria-hidden=\"true\" width=\"8\" height=\"12\" viewBox=\"0 0 8 12\" fill=\"none\"><path d=\"M2.00009 0L0.590088 1.41L5.17009 6L0.590088 10.59L2.00009 12L8.00009 6L2.00009 0Z\" style=\"fill:var(--icon-colour, currentColor);\"><\/path><\/svg> \t\t\t\t\t\t\t\t<\/span>\n\t\t\t\t\t\t\t<\/div>\n\t\t\t\t\t\t<\/div>\n\t\t\t\t\t<\/a>\n\t\t\t\t<\/div>\n\t\t\t\n\t\t\t\t\t<\/div>\n\t<\/div>\n<\/div>\n\n\n\n<div class=\"block points-of-view\">\n\t<div class=\"container\">\n\t\t\t\t\t<h2 class=\"points-of-view--title\">\n\t\t\t\tOnze standpunten\t\t\t<\/h2>\n\t\t\n\t\t\t\t\t<div class=\"swiper pov-slider--thumbs\">\n\t\t\t\t<div class=\"swiper-wrapper\">\n\t\t\t\t\t\t\t\t\t\t\t<div class=\"swiper-slide\">\n\t\t\t\t\t\t\t<button data-slide-index=\"0\">\n\t\t\t\t\t\t\t\tEconomie &amp; Financi\u00ebn\t\t\t\t\t\t\t<\/button>\n\t\t\t\t\t\t<\/div>\n\t\t\t\t\t\t\t\t\t<\/div>\n\t\t\t<\/div>\n\n\t\t\t<div class=\"pov-slider\">\n\t\t\t\t<div class=\"swiper pov-slider--main\">\n\t\t\t\t\t<div class=\"swiper-wrapper\">\n\t\t\t\t\t\t\t\t\t\t\t\t\t\t\t\t\t\t\t\t\t<div class=\"swiper-slide\">\n\t\t\t\t\t\t\t\t\t<a\n\t\t\t\t\t\t\t\t\t\thref=\"https:\/\/www.vvd.nl\/gemeente-enkhuizen\/pijlers\/economie-financien\/\"\n\t\t\t\t\t\t\t\t\t\tclass=\"card--pov\">\n\t\t\t\t\t\t\t\t\t\t<div class=\"card--pov__top\">\n\t\t\t\t\t\t\t\t\t\t\t<span class=\"card--pov__topic\">\n\t\t\t\t\t\t\t\t\t\t\t\tEconomie &amp; Financi\u00ebn\t\t\t\t\t\t\t\t\t\t\t<\/span>\n\t\t\t\t\t\t\t\t\t\t\t<h3 class=\"card--pov__title\">\n\t\t\t\t\t\t\t\t\t\t\t\tEconomie &amp; Financi\u00ebn\t\t\t\t\t\t\t\t\t\t\t<\/h3>\n\t\t\t\t\t\t\t\t\t\t<\/div>\n\t\t\t\t\t\t\t\t\t\t<figure class=\"card--pov__img\">\n\t\t\t\t\t\t\t\t\t\t\t<img loading=\"lazy\" decoding=\"async\" width=\"900\" height=\"560\" src=\"https:\/\/www.vvd.nl\/wp-content\/uploads\/sites\/414\/2025\/10\/16-04-Voorjaarsnota-V1-3-900x560.jpg\" class=\"attachment-pov_slider size-pov_slider wp-post-image\" alt=\"\" \/>\t\t\t\t\t\t\t\t\t\t<\/figure>\n\t\t\t\t\t\t\t\t\t\t<span class=\"button--white\">\n\t\t\t\t\t\t\t\t\t\t\tLees meer<?xml version=\"1.0\" encoding=\"UTF-8\"?> <svg xmlns=\"http:\/\/www.w3.org\/2000\/svg\" aria-hidden=\"true\" width=\"8\" height=\"12\" viewBox=\"0 0 8 12\" fill=\"none\"><path d=\"M2.00009 0L0.590088 1.41L5.17009 6L0.590088 10.59L2.00009 12L8.00009 6L2.00009 0Z\" style=\"fill:var(--icon-colour, currentColor);\"><\/path><\/svg> \t\t\t\t\t\t\t\t\t\t<\/span>\n\t\t\t\t\t\t\t\t\t<\/a>\n\t\t\t\t\t\t\t\t<\/div>\n\t\t\t\t\t\t\t\t\t\t\t\t\t\t\t\t\t\t<\/div>\n\t\t\t\t<\/div>\n\n\t\t\t\t<div class=\"points-of-view--navigation\">\n\t\t\t\t\t\t\t\t\t\t\t<div class=\"points-of-view--button\">\n\t\t\t\t\t\t\t<a\n\t\t\t\t\t\t\t\thref=\"https:\/\/www.vvd.nl\/gemeente-enkhuizen\/standpunten\/\"\n\t\t\t\t\t\t\t\tclass=\"button--secondary\">\n\t\t\t\t\t\t\t\tNaar alle standpunten\t\t\t\t\t\t\t\t<?xml version=\"1.0\" encoding=\"UTF-8\"?> <svg xmlns=\"http:\/\/www.w3.org\/2000\/svg\" aria-hidden=\"true\" width=\"8\" height=\"12\" viewBox=\"0 0 8 12\" fill=\"none\"><path d=\"M2.00009 0L0.590088 1.41L5.17009 6L0.590088 10.59L2.00009 12L8.00009 6L2.00009 0Z\" style=\"fill:var(--icon-colour, currentColor);\"><\/path><\/svg> \t\t\t\t\t\t\t<\/a>\n\t\t\t\t\t\t<\/div>\n\t\t\t\t\t\n\t\t\t\t\t<div class=\"points-of-view--navigation-buttons\">\n\t\t\t\t\t\t<button class=\"button-prev\">\n\t\t\t\t\t\t\t<?xml version=\"1.0\" encoding=\"UTF-8\"?> <svg xmlns=\"http:\/\/www.w3.org\/2000\/svg\" aria-hidden=\"true\" width=\"8\" height=\"12\" viewBox=\"0 0 8 12\" fill=\"none\"><path d=\"M7.41 1.41L6 0L0 6L6 12L7.41 10.59L2.83 6L7.41 1.41Z\" style=\"fill:var(--icon-colour, currentColor);\"><\/path><\/svg> \t\t\t\t\t\t<\/button>\n\t\t\t\t\t\t<button class=\"button-next\">\n\t\t\t\t\t\t\t<?xml version=\"1.0\" encoding=\"UTF-8\"?> <svg xmlns=\"http:\/\/www.w3.org\/2000\/svg\" aria-hidden=\"true\" width=\"8\" height=\"12\" viewBox=\"0 0 8 12\" fill=\"none\"><path d=\"M2.00009 0L0.590088 1.41L5.17009 6L0.590088 10.59L2.00009 12L8.00009 6L2.00009 0Z\" style=\"fill:var(--icon-colour, currentColor);\"><\/path><\/svg> \t\t\t\t\t\t<\/button>\n\t\t\t\t\t<\/div>\n\t\t\t\t<\/div>\n\t\t\t<\/div>\n\t\t\n\n\t<\/div>\n<\/div>\n\n\n\n<div class=\"block our-people\">\n\t<div class=\"container\">\n\t\t<div class=\"our-people--intro\">\n\t\t\t\t\t\t\t<h2>\n\t\t\t\t\tOnze mensen\t\t\t\t<\/h2>\n\t\t\t\n\t\t\t\t\t\t\t<a\n\t\t\t\t\thref=\"https:\/\/www.vvd.nl\/gemeente-enkhuizen\/profielen\/\"\n\t\t\t\t\tclass=\"button--secondary\">\n\t\t\t\t\tBekijk onze mensen\t\t\t\t\t<?xml version=\"1.0\" encoding=\"UTF-8\"?> <svg xmlns=\"http:\/\/www.w3.org\/2000\/svg\" aria-hidden=\"true\" width=\"8\" height=\"12\" viewBox=\"0 0 8 12\" fill=\"none\"><path d=\"M2.00009 0L0.590088 1.41L5.17009 6L0.590088 10.59L2.00009 12L8.00009 6L2.00009 0Z\" style=\"fill:var(--icon-colour, currentColor);\"><\/path><\/svg> \t\t\t\t<\/a>\n\t\t\t\n\t\t\t<a\n\t\t\t\thref=\"#skip-people\"\n\t\t\t\tclass=\"skip-people\">\n\t\t\t\tSla het navigeren door 6 personen over\t\t\t<\/a>\n\t\t<\/div>\n\n\t\t<div class=\"our-people--sliders\">\n\t\t\t\t\t\t\t<div class=\"swiper our-people--slider our-people--slider__top\">\n\t\t\t\t\t<div class=\"swiper-wrapper\">\n\t\t\t\t\t\t\t\t\t\t\t\t\t<div class=\"swiper-slide\">\n\t\t\t\t\t\t\t\t<a\n\t\t\t\t\t\t\t\t\thref=\"https:\/\/www.vvd.nl\/gemeente-enkhuizen\/profielen\/pascal-overwijn\/\"\n\t\t\t\t\t\t\t\t\tclass=\"card--person\">\n\t\t\t\t\t\t\t\t\t<img loading=\"lazy\" decoding=\"async\" width=\"350\" height=\"425\" src=\"https:\/\/www.vvd.nl\/wp-content\/uploads\/sites\/414\/2026\/04\/VUUR_2025_12_20-VVD-Drechterland_9098_c-350x425.jpg\" class=\"attachment-person_card size-person_card wp-post-image\" alt=\"\" \/>\n\t\t\t\t\t\t\t\t\t<span class=\"card--person__position pill\">\n\t\t\t\t\t\t\t\t\t\tRaadslid\t\t\t\t\t\t\t\t\t<\/span>\n\n\t\t\t\t\t\t\t\t\t<div class=\"card--person__info\">\n\t\t\t\t\t\t\t\t\t\t<h3 class=\"card--person__title\">\n\t\t\t\t\t\t\t\t\t\t\tPascal Overwijn\t\t\t\t\t\t\t\t\t\t<\/h3>\n\n\t\t\t\t\t\t\t\t\t\t\t\t\t\t\t\t\t\t\t\t\t<span class=\"card--person__function\">\n\t\t\t\t\t\t\t\t\t\t\t\tFractievoorzitter \/ Raadslid\t\t\t\t\t\t\t\t\t\t\t<\/span>\n\t\t\t\t\t\t\t\t\t\t\t\t\t\t\t\t\t\t\t<\/div>\n\t\t\t\t\t\t\t\t<\/a>\n\t\t\t\t\t\t\t<\/div>\n\t\t\t\t\t\t\t\t\t\t\t\t\t<div class=\"swiper-slide\">\n\t\t\t\t\t\t\t\t<a\n\t\t\t\t\t\t\t\t\thref=\"https:\/\/www.vvd.nl\/gemeente-enkhuizen\/profielen\/eelco-siersema\/\"\n\t\t\t\t\t\t\t\t\tclass=\"card--person\">\n\t\t\t\t\t\t\t\t\t<img loading=\"lazy\" decoding=\"async\" width=\"350\" height=\"425\" src=\"https:\/\/www.vvd.nl\/wp-content\/uploads\/sites\/414\/2026\/04\/VUUR_2025_12_20-VVD-Drechterland_8976_c-350x425.jpg\" class=\"attachment-person_card size-person_card wp-post-image\" alt=\"\" \/>\n\t\t\t\t\t\t\t\t\t<span class=\"card--person__position pill\">\n\t\t\t\t\t\t\t\t\t\tRaadslid\t\t\t\t\t\t\t\t\t<\/span>\n\n\t\t\t\t\t\t\t\t\t<div class=\"card--person__info\">\n\t\t\t\t\t\t\t\t\t\t<h3 class=\"card--person__title\">\n\t\t\t\t\t\t\t\t\t\t\tEelco Siersema\t\t\t\t\t\t\t\t\t\t<\/h3>\n\n\t\t\t\t\t\t\t\t\t\t\t\t\t\t\t\t\t\t\t\t\t<span class=\"card--person__function\">\n\t\t\t\t\t\t\t\t\t\t\t\tRaadslid\t\t\t\t\t\t\t\t\t\t\t<\/span>\n\t\t\t\t\t\t\t\t\t\t\t\t\t\t\t\t\t\t\t<\/div>\n\t\t\t\t\t\t\t\t<\/a>\n\t\t\t\t\t\t\t<\/div>\n\t\t\t\t\t\t\t\t\t\t\t\t\t<div class=\"swiper-slide\">\n\t\t\t\t\t\t\t\t<a\n\t\t\t\t\t\t\t\t\thref=\"https:\/\/www.vvd.nl\/gemeente-enkhuizen\/profielen\/vacature-gemeente-coordinator\/\"\n\t\t\t\t\t\t\t\t\tclass=\"card--person\">\n\t\t\t\t\t\t\t\t\t<img loading=\"lazy\" decoding=\"async\" width=\"350\" height=\"425\" src=\"https:\/\/www.vvd.nl\/wp-content\/uploads\/sites\/414\/2025\/10\/Fallback-website-350x425.png\" class=\"attachment-person_card size-person_card wp-post-image\" alt=\"\" \/>\n\t\t\t\t\t\t\t\t\t<span class=\"card--person__position pill\">\n\t\t\t\t\t\t\t\t\t\tFractie ondersteuner\t\t\t\t\t\t\t\t\t<\/span>\n\n\t\t\t\t\t\t\t\t\t<div class=\"card--person__info\">\n\t\t\t\t\t\t\t\t\t\t<h3 class=\"card--person__title\">\n\t\t\t\t\t\t\t\t\t\t\tVacature Gemeente co\u00f6rdinator\t\t\t\t\t\t\t\t\t\t<\/h3>\n\n\t\t\t\t\t\t\t\t\t\t\t\t\t\t\t\t\t\t\t<\/div>\n\t\t\t\t\t\t\t\t<\/a>\n\t\t\t\t\t\t\t<\/div>\n\t\t\t\t\t\t\t\t\t\t\t\t\t<div class=\"swiper-slide\">\n\t\t\t\t\t\t\t\t<a\n\t\t\t\t\t\t\t\t\thref=\"https:\/\/www.vvd.nl\/gemeente-enkhuizen\/profielen\/niels-koomen\/\"\n\t\t\t\t\t\t\t\t\tclass=\"card--person\">\n\t\t\t\t\t\t\t\t\t<img loading=\"lazy\" decoding=\"async\" width=\"350\" height=\"425\" src=\"https:\/\/www.vvd.nl\/wp-content\/uploads\/sites\/414\/2026\/04\/VUUR_2025_12_20-VVD-Drechterland_9085_c-350x425.jpg\" class=\"attachment-person_card size-person_card wp-post-image\" alt=\"\" \/>\n\t\t\t\t\t\t\t\t\t<span class=\"card--person__position pill\">\n\t\t\t\t\t\t\t\t\t\tCommissielid\t\t\t\t\t\t\t\t\t<\/span>\n\n\t\t\t\t\t\t\t\t\t<div class=\"card--person__info\">\n\t\t\t\t\t\t\t\t\t\t<h3 class=\"card--person__title\">\n\t\t\t\t\t\t\t\t\t\t\tNiels Koomen\t\t\t\t\t\t\t\t\t\t<\/h3>\n\n\t\t\t\t\t\t\t\t\t\t\t\t\t\t\t\t\t\t\t\t\t<span class=\"card--person__function\">\n\t\t\t\t\t\t\t\t\t\t\t\tCommissielid\t\t\t\t\t\t\t\t\t\t\t<\/span>\n\t\t\t\t\t\t\t\t\t\t\t\t\t\t\t\t\t\t\t<\/div>\n\t\t\t\t\t\t\t\t<\/a>\n\t\t\t\t\t\t\t<\/div>\n\t\t\t\t\t\t\t\t\t\t\t\t\t<div class=\"swiper-slide\">\n\t\t\t\t\t\t\t\t<a\n\t\t\t\t\t\t\t\t\thref=\"https:\/\/www.vvd.nl\/gemeente-enkhuizen\/profielen\/vacature-fractie\/\"\n\t\t\t\t\t\t\t\t\tclass=\"card--person\">\n\t\t\t\t\t\t\t\t\t<img loading=\"lazy\" decoding=\"async\" width=\"350\" height=\"425\" src=\"https:\/\/www.vvd.nl\/wp-content\/uploads\/sites\/414\/2025\/10\/Fallback-website-350x425.png\" class=\"attachment-person_card size-person_card wp-post-image\" alt=\"\" \/>\n\t\t\t\t\t\t\t\t\t<span class=\"card--person__position pill\">\n\t\t\t\t\t\t\t\t\t\tFractie ondersteuner\t\t\t\t\t\t\t\t\t<\/span>\n\n\t\t\t\t\t\t\t\t\t<div class=\"card--person__info\">\n\t\t\t\t\t\t\t\t\t\t<h3 class=\"card--person__title\">\n\t\t\t\t\t\t\t\t\t\t\tVacature fractie\t\t\t\t\t\t\t\t\t\t<\/h3>\n\n\t\t\t\t\t\t\t\t\t\t\t\t\t\t\t\t\t\t\t<\/div>\n\t\t\t\t\t\t\t\t<\/a>\n\t\t\t\t\t\t\t<\/div>\n\t\t\t\t\t\t\t\t\t\t\t\t\t<div class=\"swiper-slide\">\n\t\t\t\t\t\t\t\t<a\n\t\t\t\t\t\t\t\t\thref=\"https:\/\/www.vvd.nl\/gemeente-enkhuizen\/profielen\/pieter-de-graaff\/\"\n\t\t\t\t\t\t\t\t\tclass=\"card--person\">\n\t\t\t\t\t\t\t\t\t<img loading=\"lazy\" decoding=\"async\" width=\"350\" height=\"425\" src=\"https:\/\/www.vvd.nl\/wp-content\/uploads\/sites\/414\/2026\/04\/VUUR_2025_12_20-VVD-Drechterland_8937_c-350x425.jpg\" class=\"attachment-person_card size-person_card wp-post-image\" alt=\"\" \/>\n\t\t\t\t\t\t\t\t\t<span class=\"card--person__position pill\">\n\t\t\t\t\t\t\t\t\t\tCommissielid\t\t\t\t\t\t\t\t\t<\/span>\n\n\t\t\t\t\t\t\t\t\t<div class=\"card--person__info\">\n\t\t\t\t\t\t\t\t\t\t<h3 class=\"card--person__title\">\n\t\t\t\t\t\t\t\t\t\t\tPieter de Graaff\t\t\t\t\t\t\t\t\t\t<\/h3>\n\n\t\t\t\t\t\t\t\t\t\t\t\t\t\t\t\t\t\t\t\t\t<span class=\"card--person__function\">\n\t\t\t\t\t\t\t\t\t\t\t\tCommissielid\t\t\t\t\t\t\t\t\t\t\t<\/span>\n\t\t\t\t\t\t\t\t\t\t\t\t\t\t\t\t\t\t\t<\/div>\n\t\t\t\t\t\t\t\t<\/a>\n\t\t\t\t\t\t\t<\/div>\n\t\t\t\t\t\t\t\t\t\t\t<\/div>\n\t\t\t\t<\/div>\n\t\t\t\n\t\t\t\t\t<\/div>\n\t<\/div>\n<\/div>\n\n<div id=\"skip-people\"><\/div>\n","protected":false},"excerpt":{"rendered":"<p>Titel Lokale website tekst. Laatste nieuws Informateur aan de slag 9 april 2026 Lokaal Coalitievorming Onze standpunten Economie &amp; Financi\u00ebn Economie &amp; Financi\u00ebn Economie &amp; Financi\u00ebn Lees meer Naar alle standpunten Onze mensen Bekijk onze mensen Sla het navigeren door 6 personen over Raadslid Pascal Overwijn Fractievoorzitter \/ Raadslid Commissielid Pieter de Graaff Commissielid Fractie [&hellip;]<\/p>\n","protected":false},"author":1,"featured_media":0,"parent":0,"menu_order":0,"comment_status":"closed","ping_status":"closed","template":"","meta":{"_acf_changed":false,"_relevanssi_hide_post":"","_relevanssi_hide_content":"","_relevanssi_pin_for_all":"","_relevanssi_pin_keywords":"","_relevanssi_unpin_keywords":"","_relevanssi_related_keywords":"","_relevanssi_related_include_ids":"","_relevanssi_related_exclude_ids":"","_relevanssi_related_no_append":"","_relevanssi_related_not_related":"","_relevanssi_related_posts":"","_relevanssi_noindex_reason":"","footnotes":""},"subject":[],"class_list":["post-76","page","type-page","status-publish","hentry"],"acf":[],"publishpress_future_action":{"enabled":false,"date":"2026-05-01 21:15:19","action":"change-status","newStatus":"draft","terms":[],"taxonomy":"subject","extraData":[]},"publishpress_future_workflow_manual_trigger":{"enabledWorkflows":[]},"_links":{"self":[{"href":"https:\/\/www.vvd.nl\/gemeente-enkhuizen\/wp-json\/wp\/v2\/pages\/76","targetHints":{"allow":["GET"]}}],"collection":[{"href":"https:\/\/www.vvd.nl\/gemeente-enkhuizen\/wp-json\/wp\/v2\/pages"}],"about":[{"href":"https:\/\/www.vvd.nl\/gemeente-enkhuizen\/wp-json\/wp\/v2\/types\/page"}],"author":[{"embeddable":true,"href":"https:\/\/www.vvd.nl\/gemeente-enkhuizen\/wp-json\/wp\/v2\/users\/1"}],"replies":[{"embeddable":true,"href":"https:\/\/www.vvd.nl\/gemeente-enkhuizen\/wp-json\/wp\/v2\/comments?post=76"}],"version-history":[{"count":9,"href":"https:\/\/www.vvd.nl\/gemeente-enkhuizen\/wp-json\/wp\/v2\/pages\/76\/revisions"}],"predecessor-version":[{"id":124,"href":"https:\/\/www.vvd.nl\/gemeente-enkhuizen\/wp-json\/wp\/v2\/pages\/76\/revisions\/124"}],"wp:attachment":[{"href":"https:\/\/www.vvd.nl\/gemeente-enkhuizen\/wp-json\/wp\/v2\/media?parent=76"}],"wp:term":[{"taxonomy":"subject","embeddable":true,"href":"https:\/\/www.vvd.nl\/gemeente-enkhuizen\/wp-json\/wp\/v2\/subject?post=76"}],"curies":[{"name":"wp","href":"https:\/\/api.w.org\/{rel}","templated":true}]}}