{"id":76,"date":"2025-10-22T09:58:35","date_gmt":"2025-10-22T09:58:35","guid":{"rendered":"https:\/\/www.vvd.nl\/gemeente-almelo\/?page_id=76"},"modified":"2025-12-23T16:52:47","modified_gmt":"2025-12-23T15:52:47","slug":"home","status":"publish","type":"page","link":"https:\/\/www.vvd.nl\/gemeente-almelo\/","title":{"rendered":"Home"},"content":{"rendered":"\n<div class=\"block hero hero--standard\">\n\t<div class=\"container--small\">\n\t\t<div class=\"hero__content\">\n\t\t\t\t\t\t\t<h1>\n\t\t\t\t\tVoor wie vooruit wil\t\t\t\t<\/h1>\n\t\t\t\n\t\t\t\t\t\t\t<div class=\"intro\">\n\t\t\t\t\t<p>VVD Almelo is in de periode 2022-2026 met 5 fanatieke mannen en vrouwen vertegenwoordigd in de gemeenteraad en maakt met \u00e9\u00e9n wethouder deel uit van het College. Een behoorlijk aantal ge\u00efnteresseerde leden en vrijwilligers is actief om (lokale) politiek op een leuke manier onder de aandacht te brengen.  We gebruiken social media voor berichtgeving over actualiteiten en evenementen.   Wil jij je ook op een leuke manie inzetten voor Almelo en deel uitmaken van een enthousiaste groep mensen? Meld je aan als ge\u00efnteresseerd bent om bijvoorbeeld raadslid te worden! Hier word je lid!<\/p>\n\t\t\t\t<\/div>\n\t\t\t\n\t\t\t\n\t\t\t\t\t<\/div>\n\n\t\t\t\t\t\t<div class=\"growing-img--container\">\n\t\t\t\t\t\n\t\t\t\t\t<img loading=\"lazy\" decoding=\"async\" width=\"1600\" height=\"550\" src=\"https:\/\/www.vvd.nl\/wp-content\/uploads\/sites\/303\/2025\/12\/Waterboulevard-Suppen-BVDE-Stef-Oude-Egberink-1600x550.webp\" class=\"growing-img\" alt=\"VVD Almelo\" \/>\t\t\t\t<\/div>\n\t\t\t\t\t<\/div>\n<\/div>\n\n\n\n<div class=\"block latest-news\">\n\t<div class=\"container\">\n\t\t\t\t\t<h2 class=\"latest-news--header\">\n\t\t\t\tLaatste nieuws\t\t\t<\/h2>\n\t\t\n\t\t<div class=\"latest-news__items\">\n\t\t\t\t\t\t\t\t\t\t\t<div class=\"latest-news--featured\">\n\t\t\t\t\t<a\n\t\t\t\t\t\tclass=\"latest-news--featured-item\"\n\t\t\t\t\t\thref=\"https:\/\/www.vvd.nl\/gemeente-almelo\/nieuws\/opinie-gezellig-de-stad-in\/\">\n\n\t\t\t\t\t\t<figure class=\"latest-news--featured-item__image\">\n\t\t\t\t\t\t\t<img loading=\"lazy\" decoding=\"async\" width=\"1238\" height=\"750\" src=\"https:\/\/www.vvd.nl\/wp-content\/uploads\/sites\/303\/2026\/02\/Opiniestuk-Gezellig-de-stad-in-1-1238x750.jpg\" class=\"attachment-featured_news_large size-featured_news_large wp-post-image\" alt=\"\" \/>\t\t\t\t\t\t<\/figure>\n\n\t\t\t\t\t\t<div class=\"latest-news--featured-item__info\">\n\t\t\t\t\t\t\t<h3 class=\"latest-news--featured-item__title\">\n\t\t\t\t\t\t\t\tOpinie: gezellig de stad in!\t\t\t\t\t\t\t<\/h3>\n\n\t\t\t\t\t\t\t<div class=\"latest-news--featured-item__meta\">\n\t\t\t\t\t\t\t\t<span class=\"date\">\n\t\t\t\t\t\t\t\t\t20 februari 2026\t\t\t\t\t\t\t\t<\/span>\n\n\t\t\t\t\t\t\t\t\n\t\t\t\t\t\t\t\t<span class=\"latest-news--featured-item__chevron\">\n\t\t\t\t\t\t\t\t\t<?xml version=\"1.0\" encoding=\"UTF-8\"?> <svg xmlns=\"http:\/\/www.w3.org\/2000\/svg\" aria-hidden=\"true\" width=\"8\" height=\"12\" viewBox=\"0 0 8 12\" fill=\"none\"><path d=\"M2.00009 0L0.590088 1.41L5.17009 6L0.590088 10.59L2.00009 12L8.00009 6L2.00009 0Z\" style=\"fill:var(--icon-colour, currentColor);\"><\/path><\/svg> \t\t\t\t\t\t\t\t<\/span>\n\t\t\t\t\t\t\t<\/div>\n\t\t\t\t\t\t<\/div>\n\t\t\t\t\t<\/a>\n\t\t\t\t<\/div>\n\t\t\t\n\t\t\t\t\t\t\t<div class=\"latest-news--list\">\n\t\t\t\t\t<ul class=\"latest-news--list-items\">\n\t\t\t\t\t\t\t\t\t\t\t\t\t\t\t\t\t\t\t\t<li>\n\t\t\t\t\t\t\t\t<a\n\t\t\t\t\t\t\t\t\tclass=\"latest-news--list-item\"\n\t\t\t\t\t\t\t\t\thref=\"https:\/\/www.vvd.nl\/gemeente-almelo\/nieuws\/ons-verkiezingsprogramma\/\">\n\t\t\t\t\t\t\t\t\t<figure class=\"latest-news--list-item__figure\">\n\t\t\t\t\t\t\t\t\t\t<img loading=\"lazy\" decoding=\"async\" width=\"400\" height=\"226\" src=\"https:\/\/www.vvd.nl\/wp-content\/uploads\/sites\/303\/2026\/02\/Lees-hier-ons-2160-x-1216-px-400x226.jpg\" class=\"attachment-featured_news_small size-featured_news_small wp-post-image\" alt=\"\" \/>\t\t\t\t\t\t\t\t\t<\/figure>\n\n\t\t\t\t\t\t\t\t\t<div class=\"latest-news--list-item__info\">\n\t\t\t\t\t\t\t\t\t\t<h3>\n\t\t\t\t\t\t\t\t\t\t\tOns Verkiezingsprogramma\t\t\t\t\t\t\t\t\t\t<\/h3>\n\n\t\t\t\t\t\t\t\t\t\t<div class=\"latest-news--list-item__meta\">\n\t\t\t\t\t\t\t\t\t\t\t<div class=\"latest-news--list-item__metainfo\">\n\t\t\t\t\t\t\t\t\t\t\t\t<span class=\"date\">\n\t\t\t\t\t\t\t\t\t\t\t\t\t9 februari 2026\t\t\t\t\t\t\t\t\t\t\t\t<\/span>\n\n\t\t\t\t\t\t\t\t\t\t\t\t\t\t\t\t\t\t\t\t\t\t\t<\/div>\n\n\t\t\t\t\t\t\t\t\t\t\t<span class=\"latest-news--list-item__chevron\">\n\t\t\t\t\t\t\t\t\t\t\t\t<?xml version=\"1.0\" encoding=\"UTF-8\"?> <svg xmlns=\"http:\/\/www.w3.org\/2000\/svg\" aria-hidden=\"true\" width=\"8\" height=\"12\" viewBox=\"0 0 8 12\" fill=\"none\"><path d=\"M2.00009 0L0.590088 1.41L5.17009 6L0.590088 10.59L2.00009 12L8.00009 6L2.00009 0Z\" style=\"fill:var(--icon-colour, currentColor);\"><\/path><\/svg> \t\t\t\t\t\t\t\t\t\t\t<\/span>\n\t\t\t\t\t\t\t\t\t\t<\/div>\n\t\t\t\t\t\t\t\t\t<\/div>\n\t\t\t\t\t\t\t\t<\/a>\n\t\t\t\t\t\t\t<\/li>\n\t\t\t\t\t\t\t\t\t\t\t<\/ul>\n\n\t\t\t\t\t\t\t\t\t<\/div>\n\t\t\t\t\t<\/div>\n\t<\/div>\n<\/div>\n\n\n\n<div class=\"block points-of-view\">\n\t<div class=\"container\">\n\t\t\t\t\t<h2 class=\"points-of-view--title\">\n\t\t\t\tOnze standpunten\t\t\t<\/h2>\n\t\t\n\t\t\n\n\t<\/div>\n<\/div>\n\n\n\n<div class=\"block our-people\">\n\t<div class=\"container\">\n\t\t<div class=\"our-people--intro\">\n\t\t\t\t\t\t\t<h2>\n\t\t\t\t\tOnze mensen\t\t\t\t<\/h2>\n\t\t\t\n\t\t\t\t\t\t\t<a\n\t\t\t\t\thref=\"https:\/\/www.vvd.nl\/gemeente-almelo\/profielen\/\"\n\t\t\t\t\tclass=\"button--secondary\">\n\t\t\t\t\tBekijk onze mensen\t\t\t\t\t<?xml version=\"1.0\" encoding=\"UTF-8\"?> <svg xmlns=\"http:\/\/www.w3.org\/2000\/svg\" aria-hidden=\"true\" width=\"8\" height=\"12\" viewBox=\"0 0 8 12\" fill=\"none\"><path d=\"M2.00009 0L0.590088 1.41L5.17009 6L0.590088 10.59L2.00009 12L8.00009 6L2.00009 0Z\" style=\"fill:var(--icon-colour, currentColor);\"><\/path><\/svg> \t\t\t\t<\/a>\n\t\t\t\n\t\t\t<a\n\t\t\t\thref=\"#skip-people\"\n\t\t\t\tclass=\"skip-people\">\n\t\t\t\tSla het navigeren door 8 personen over\t\t\t<\/a>\n\t\t<\/div>\n\n\t\t<div class=\"our-people--sliders\">\n\t\t\t\t\t\t\t<div class=\"swiper our-people--slider our-people--slider__top\">\n\t\t\t\t\t<div class=\"swiper-wrapper\">\n\t\t\t\t\t\t\t\t\t\t\t\t\t<div class=\"swiper-slide\">\n\t\t\t\t\t\t\t\t<a\n\t\t\t\t\t\t\t\t\thref=\"https:\/\/www.vvd.nl\/gemeente-almelo\/profielen\/take-amsing\/\"\n\t\t\t\t\t\t\t\t\tclass=\"card--person\">\n\t\t\t\t\t\t\t\t\t<img loading=\"lazy\" decoding=\"async\" width=\"350\" height=\"425\" src=\"https:\/\/www.vvd.nl\/wp-content\/uploads\/sites\/303\/2026\/02\/4-350x425.jpg\" class=\"attachment-person_card size-person_card wp-post-image\" alt=\"\" \/>\n\t\t\t\t\t\t\t\t\t<span class=\"card--person__position pill\">\n\t\t\t\t\t\t\t\t\t\t\t\t\t\t\t\t\t\t\t<\/span>\n\n\t\t\t\t\t\t\t\t\t<div class=\"card--person__info\">\n\t\t\t\t\t\t\t\t\t\t<h3 class=\"card--person__title\">\n\t\t\t\t\t\t\t\t\t\t\tTake Amsing\t\t\t\t\t\t\t\t\t\t<\/h3>\n\n\t\t\t\t\t\t\t\t\t\t\t\t\t\t\t\t\t\t\t\t\t<span class=\"card--person__function\">\n\t\t\t\t\t\t\t\t\t\t\t\tKandidaat #7\t\t\t\t\t\t\t\t\t\t\t<\/span>\n\t\t\t\t\t\t\t\t\t\t\t\t\t\t\t\t\t\t\t<\/div>\n\t\t\t\t\t\t\t\t<\/a>\n\t\t\t\t\t\t\t<\/div>\n\t\t\t\t\t\t\t\t\t\t\t\t\t<div class=\"swiper-slide\">\n\t\t\t\t\t\t\t\t<a\n\t\t\t\t\t\t\t\t\thref=\"https:\/\/www.vvd.nl\/gemeente-almelo\/profielen\/raimond-hilberink\/\"\n\t\t\t\t\t\t\t\t\tclass=\"card--person\">\n\t\t\t\t\t\t\t\t\t<img loading=\"lazy\" decoding=\"async\" width=\"350\" height=\"425\" src=\"https:\/\/www.vvd.nl\/wp-content\/uploads\/sites\/303\/2026\/02\/20-350x425.jpg\" class=\"attachment-person_card size-person_card wp-post-image\" alt=\"\" \/>\n\t\t\t\t\t\t\t\t\t<span class=\"card--person__position pill\">\n\t\t\t\t\t\t\t\t\t\t\t\t\t\t\t\t\t\t\t<\/span>\n\n\t\t\t\t\t\t\t\t\t<div class=\"card--person__info\">\n\t\t\t\t\t\t\t\t\t\t<h3 class=\"card--person__title\">\n\t\t\t\t\t\t\t\t\t\t\tRaimond Hilberink\t\t\t\t\t\t\t\t\t\t<\/h3>\n\n\t\t\t\t\t\t\t\t\t\t\t\t\t\t\t\t\t\t\t\t\t<span class=\"card--person__function\">\n\t\t\t\t\t\t\t\t\t\t\t\tKandidaat #6\t\t\t\t\t\t\t\t\t\t\t<\/span>\n\t\t\t\t\t\t\t\t\t\t\t\t\t\t\t\t\t\t\t<\/div>\n\t\t\t\t\t\t\t\t<\/a>\n\t\t\t\t\t\t\t<\/div>\n\t\t\t\t\t\t\t\t\t\t\t\t\t<div class=\"swiper-slide\">\n\t\t\t\t\t\t\t\t<a\n\t\t\t\t\t\t\t\t\thref=\"https:\/\/www.vvd.nl\/gemeente-almelo\/profielen\/test\/\"\n\t\t\t\t\t\t\t\t\tclass=\"card--person\">\n\t\t\t\t\t\t\t\t\t<img loading=\"lazy\" decoding=\"async\" width=\"350\" height=\"425\" src=\"https:\/\/www.vvd.nl\/wp-content\/uploads\/sites\/303\/2026\/02\/11-350x425.jpg\" class=\"attachment-person_card size-person_card wp-post-image\" alt=\"\" \/>\n\t\t\t\t\t\t\t\t\t<span class=\"card--person__position pill\">\n\t\t\t\t\t\t\t\t\t\t\t\t\t\t\t\t\t\t\t<\/span>\n\n\t\t\t\t\t\t\t\t\t<div class=\"card--person__info\">\n\t\t\t\t\t\t\t\t\t\t<h3 class=\"card--person__title\">\n\t\t\t\t\t\t\t\t\t\t\tGer Vermeulen\t\t\t\t\t\t\t\t\t\t<\/h3>\n\n\t\t\t\t\t\t\t\t\t\t\t\t\t\t\t\t\t\t\t\t\t<span class=\"card--person__function\">\n\t\t\t\t\t\t\t\t\t\t\t\tKandidaat #2\t\t\t\t\t\t\t\t\t\t\t<\/span>\n\t\t\t\t\t\t\t\t\t\t\t\t\t\t\t\t\t\t\t<\/div>\n\t\t\t\t\t\t\t\t<\/a>\n\t\t\t\t\t\t\t<\/div>\n\t\t\t\t\t\t\t\t\t\t\t\t\t<div class=\"swiper-slide\">\n\t\t\t\t\t\t\t\t<a\n\t\t\t\t\t\t\t\t\thref=\"https:\/\/www.vvd.nl\/gemeente-almelo\/profielen\/esther-reinders\/\"\n\t\t\t\t\t\t\t\t\tclass=\"card--person\">\n\t\t\t\t\t\t\t\t\t<img loading=\"lazy\" decoding=\"async\" width=\"350\" height=\"425\" src=\"https:\/\/www.vvd.nl\/wp-content\/uploads\/sites\/303\/2026\/02\/12-350x425.jpg\" class=\"attachment-person_card size-person_card wp-post-image\" alt=\"\" \/>\n\t\t\t\t\t\t\t\t\t<span class=\"card--person__position pill\">\n\t\t\t\t\t\t\t\t\t\t\t\t\t\t\t\t\t\t\t<\/span>\n\n\t\t\t\t\t\t\t\t\t<div class=\"card--person__info\">\n\t\t\t\t\t\t\t\t\t\t<h3 class=\"card--person__title\">\n\t\t\t\t\t\t\t\t\t\t\tEsther Reinders\t\t\t\t\t\t\t\t\t\t<\/h3>\n\n\t\t\t\t\t\t\t\t\t\t\t\t\t\t\t\t\t\t\t\t\t<span class=\"card--person__function\">\n\t\t\t\t\t\t\t\t\t\t\t\tKandidaat #3\t\t\t\t\t\t\t\t\t\t\t<\/span>\n\t\t\t\t\t\t\t\t\t\t\t\t\t\t\t\t\t\t\t<\/div>\n\t\t\t\t\t\t\t\t<\/a>\n\t\t\t\t\t\t\t<\/div>\n\t\t\t\t\t\t\t\t\t\t\t\t\t<div class=\"swiper-slide\">\n\t\t\t\t\t\t\t\t<a\n\t\t\t\t\t\t\t\t\thref=\"https:\/\/www.vvd.nl\/gemeente-almelo\/profielen\/anne-marije-egberink\/\"\n\t\t\t\t\t\t\t\t\tclass=\"card--person\">\n\t\t\t\t\t\t\t\t\t<img loading=\"lazy\" decoding=\"async\" width=\"350\" height=\"425\" src=\"https:\/\/www.vvd.nl\/wp-content\/uploads\/sites\/303\/2026\/02\/17-350x425.jpg\" class=\"attachment-person_card size-person_card wp-post-image\" alt=\"\" \/>\n\t\t\t\t\t\t\t\t\t<span class=\"card--person__position pill\">\n\t\t\t\t\t\t\t\t\t\t\t\t\t\t\t\t\t\t\t<\/span>\n\n\t\t\t\t\t\t\t\t\t<div class=\"card--person__info\">\n\t\t\t\t\t\t\t\t\t\t<h3 class=\"card--person__title\">\n\t\t\t\t\t\t\t\t\t\t\tAnne Marije Egberink\t\t\t\t\t\t\t\t\t\t<\/h3>\n\n\t\t\t\t\t\t\t\t\t\t\t\t\t\t\t\t\t\t\t\t\t<span class=\"card--person__function\">\n\t\t\t\t\t\t\t\t\t\t\t\tKandidaat #5\t\t\t\t\t\t\t\t\t\t\t<\/span>\n\t\t\t\t\t\t\t\t\t\t\t\t\t\t\t\t\t\t\t<\/div>\n\t\t\t\t\t\t\t\t<\/a>\n\t\t\t\t\t\t\t<\/div>\n\t\t\t\t\t\t\t\t\t\t\t\t\t<div class=\"swiper-slide\">\n\t\t\t\t\t\t\t\t<a\n\t\t\t\t\t\t\t\t\thref=\"https:\/\/www.vvd.nl\/gemeente-almelo\/profielen\/matthe-koelen\/\"\n\t\t\t\t\t\t\t\t\tclass=\"card--person\">\n\t\t\t\t\t\t\t\t\t<img loading=\"lazy\" decoding=\"async\" width=\"350\" height=\"425\" src=\"https:\/\/www.vvd.nl\/wp-content\/uploads\/sites\/303\/2026\/02\/31-350x425.jpg\" class=\"attachment-person_card size-person_card wp-post-image\" alt=\"\" \/>\n\t\t\t\t\t\t\t\t\t<span class=\"card--person__position pill\">\n\t\t\t\t\t\t\t\t\t\t\t\t\t\t\t\t\t\t\t<\/span>\n\n\t\t\t\t\t\t\t\t\t<div class=\"card--person__info\">\n\t\t\t\t\t\t\t\t\t\t<h3 class=\"card--person__title\">\n\t\t\t\t\t\t\t\t\t\t\tMatth\u00e9 Koelen\t\t\t\t\t\t\t\t\t\t<\/h3>\n\n\t\t\t\t\t\t\t\t\t\t\t\t\t\t\t\t\t\t\t\t\t<span class=\"card--person__function\">\n\t\t\t\t\t\t\t\t\t\t\t\tKandidaat #8\t\t\t\t\t\t\t\t\t\t\t<\/span>\n\t\t\t\t\t\t\t\t\t\t\t\t\t\t\t\t\t\t\t<\/div>\n\t\t\t\t\t\t\t\t<\/a>\n\t\t\t\t\t\t\t<\/div>\n\t\t\t\t\t\t\t\t\t\t\t\t\t<div class=\"swiper-slide\">\n\t\t\t\t\t\t\t\t<a\n\t\t\t\t\t\t\t\t\thref=\"https:\/\/www.vvd.nl\/gemeente-almelo\/profielen\/max-van-de-velde\/\"\n\t\t\t\t\t\t\t\t\tclass=\"card--person\">\n\t\t\t\t\t\t\t\t\t<img loading=\"lazy\" decoding=\"async\" width=\"350\" height=\"425\" src=\"https:\/\/www.vvd.nl\/wp-content\/uploads\/sites\/303\/2026\/02\/27-350x425.jpg\" class=\"attachment-person_card size-person_card wp-post-image\" alt=\"\" \/>\n\t\t\t\t\t\t\t\t\t<span class=\"card--person__position pill\">\n\t\t\t\t\t\t\t\t\t\t\t\t\t\t\t\t\t\t\t<\/span>\n\n\t\t\t\t\t\t\t\t\t<div class=\"card--person__info\">\n\t\t\t\t\t\t\t\t\t\t<h3 class=\"card--person__title\">\n\t\t\t\t\t\t\t\t\t\t\tMax van de Velde\t\t\t\t\t\t\t\t\t\t<\/h3>\n\n\t\t\t\t\t\t\t\t\t\t\t\t\t\t\t\t\t\t\t\t\t<span class=\"card--person__function\">\n\t\t\t\t\t\t\t\t\t\t\t\tKandidaat #4\t\t\t\t\t\t\t\t\t\t\t<\/span>\n\t\t\t\t\t\t\t\t\t\t\t\t\t\t\t\t\t\t\t<\/div>\n\t\t\t\t\t\t\t\t<\/a>\n\t\t\t\t\t\t\t<\/div>\n\t\t\t\t\t\t\t\t\t\t\t\t\t<div class=\"swiper-slide\">\n\t\t\t\t\t\t\t\t<a\n\t\t\t\t\t\t\t\t\thref=\"https:\/\/www.vvd.nl\/gemeente-almelo\/profielen\/jeffrey-hinnen\/\"\n\t\t\t\t\t\t\t\t\tclass=\"card--person\">\n\t\t\t\t\t\t\t\t\t<img loading=\"lazy\" decoding=\"async\" width=\"350\" height=\"425\" src=\"https:\/\/www.vvd.nl\/wp-content\/uploads\/sites\/303\/2026\/02\/6-350x425.jpg\" class=\"attachment-person_card size-person_card wp-post-image\" alt=\"\" \/>\n\t\t\t\t\t\t\t\t\t<span class=\"card--person__position pill\">\n\t\t\t\t\t\t\t\t\t\t\t\t\t\t\t\t\t\t\t<\/span>\n\n\t\t\t\t\t\t\t\t\t<div class=\"card--person__info\">\n\t\t\t\t\t\t\t\t\t\t<h3 class=\"card--person__title\">\n\t\t\t\t\t\t\t\t\t\t\tJeffrey Hinnen\t\t\t\t\t\t\t\t\t\t<\/h3>\n\n\t\t\t\t\t\t\t\t\t\t\t\t\t\t\t\t\t\t\t\t\t<span class=\"card--person__function\">\n\t\t\t\t\t\t\t\t\t\t\t\tLijsttrekker\t\t\t\t\t\t\t\t\t\t\t<\/span>\n\t\t\t\t\t\t\t\t\t\t\t\t\t\t\t\t\t\t\t<\/div>\n\t\t\t\t\t\t\t\t<\/a>\n\t\t\t\t\t\t\t<\/div>\n\t\t\t\t\t\t\t\t\t\t\t<\/div>\n\t\t\t\t<\/div>\n\t\t\t\n\t\t\t\t\t<\/div>\n\t<\/div>\n<\/div>\n\n<div id=\"skip-people\"><\/div>\n","protected":false},"excerpt":{"rendered":"<p>Voor wie vooruit wil VVD Almelo is in de periode 2022-2026 met 5 fanatieke mannen en vrouwen vertegenwoordigd in de gemeenteraad en maakt met \u00e9\u00e9n wethouder deel uit van het College. Een behoorlijk aantal ge\u00efnteresseerde leden en vrijwilligers is actief om (lokale) politiek op een leuke manier onder de aandacht te brengen. We gebruiken social [&hellip;]<\/p>\n","protected":false},"author":1,"featured_media":0,"parent":0,"menu_order":0,"comment_status":"closed","ping_status":"closed","template":"","meta":{"_acf_changed":false,"_relevanssi_hide_post":"","_relevanssi_hide_content":"","_relevanssi_pin_for_all":"","_relevanssi_pin_keywords":"","_relevanssi_unpin_keywords":"","_relevanssi_related_keywords":"","_relevanssi_related_include_ids":"","_relevanssi_related_exclude_ids":"","_relevanssi_related_no_append":"","_relevanssi_related_not_related":"","_relevanssi_related_posts":"1","_relevanssi_noindex_reason":"","footnotes":""},"subject":[],"class_list":["post-76","page","type-page","status-publish","hentry"],"acf":[],"publishpress_future_action":{"enabled":false,"date":"2026-04-11 13:17:45","action":"change-status","newStatus":"draft","terms":[],"taxonomy":"subject","extraData":[]},"publishpress_future_workflow_manual_trigger":{"enabledWorkflows":[]},"_links":{"self":[{"href":"https:\/\/www.vvd.nl\/gemeente-almelo\/wp-json\/wp\/v2\/pages\/76","targetHints":{"allow":["GET"]}}],"collection":[{"href":"https:\/\/www.vvd.nl\/gemeente-almelo\/wp-json\/wp\/v2\/pages"}],"about":[{"href":"https:\/\/www.vvd.nl\/gemeente-almelo\/wp-json\/wp\/v2\/types\/page"}],"author":[{"embeddable":true,"href":"https:\/\/www.vvd.nl\/gemeente-almelo\/wp-json\/wp\/v2\/users\/1"}],"replies":[{"embeddable":true,"href":"https:\/\/www.vvd.nl\/gemeente-almelo\/wp-json\/wp\/v2\/comments?post=76"}],"version-history":[{"count":10,"href":"https:\/\/www.vvd.nl\/gemeente-almelo\/wp-json\/wp\/v2\/pages\/76\/revisions"}],"predecessor-version":[{"id":122,"href":"https:\/\/www.vvd.nl\/gemeente-almelo\/wp-json\/wp\/v2\/pages\/76\/revisions\/122"}],"wp:attachment":[{"href":"https:\/\/www.vvd.nl\/gemeente-almelo\/wp-json\/wp\/v2\/media?parent=76"}],"wp:term":[{"taxonomy":"subject","embeddable":true,"href":"https:\/\/www.vvd.nl\/gemeente-almelo\/wp-json\/wp\/v2\/subject?post=76"}],"curies":[{"name":"wp","href":"https:\/\/api.w.org\/{rel}","templated":true}]}}